{"id":5733,"date":"2019-10-28T18:42:05","date_gmt":"2019-10-28T17:42:05","guid":{"rendered":"http:\/\/www.emiliocervantes.com\/luis-domingo-garcia\/"},"modified":"2020-02-29T16:12:28","modified_gmt":"2020-02-29T15:12:28","slug":"luis-domingo-garcia","status":"publish","type":"page","link":"https:\/\/www.emiliocervantes.com\/en\/luis-domingo-garcia\/","title":{"rendered":"Luis Domingo Garc\u00eda"},"content":{"rendered":"<section class=\"wpb-content-wrapper\"><p>[vc_row full_width=&#8221;stretch_row&#8221; content_placement=&#8221;middle&#8221; css=&#8221;.vc_custom_1571933084525{padding-top: 20px !important;padding-bottom: 20px !important;background-color: #333333 !important;}&#8221;][vc_column width=&#8221;1\/2&#8243;][vc_column_text]<\/p>\n<h1 style=\"color: white !important;font-size: 2.5em !important;margin-bottom: 25px\">Luis Domingo Garc\u00eda<br \/>\n<small>(1924 &#8211; 2001)<\/small><\/h1>\n<p style=\"color: #898989 !important;font-size: 18px !important\">Luis Domingo Garc\u00eda (1924 &#8211; 2001) fue un artista impresionista valenciano, enamorado de la luz y del color y para quien la pintura fue la interpretaci\u00f3n de la realidad que le circundaba y la dif\u00edcil aprehensi\u00f3n de la belleza.<\/p>\n<p style=\"color: #898989 !important;font-size: 18px !important\">Una sensualidad mediterr\u00e1nea palpita en cada lienzo, nacido al aire libre, en apunte nervioso, rotundo y esencial. Su obra nos muestra ciudades, pueblos y costumbres, escenas marinas y figuras en distintos paisajes.<\/p>\n<p style=\"color: #898989 !important;font-size: 18px !important\">Particip\u00f3 en las Bienales de Zaragoza (1962, 64, 66); C\u00edrculo dde Bellas Artes de Valencia; figurando sus obras en el Museo Provincial de Zaragoza, Museo Municipal de Valencia y en numerosas colecciones privadas (Henry M. Goodman de New York, Slesina de Alemania&#8230;) tanto nacionales como extranjeras.<\/p>\n<p style=\"color: #898989 !important;font-size: 18px !important\">Exposiciones en la Galer\u00eda &#8220;Eureka&#8221; de Madrid (1962, 65, 67);\u00a0 Galer\u00eda de Arte &#8220;Toscana&#8221; de Valencia (1976-77-78-79); Galer\u00eda de Arte &#8220;Sokoa&#8221; de Madrid (1982, 1983)&#8230;<\/p>\n<p>[\/vc_column_text][\/vc_column][vc_column width=&#8221;1\/2&#8243;][\/vc_column][\/vc_row][vc_row][vc_column][lab_portfolio_items category_filter=&#8221;no&#8221; columns=&#8221;4&#8243; dynamic_image_height=&#8221;yes&#8221; pagination_type=&#8221;endless&#8221; endless_auto_reveal=&#8221;yes&#8221; portfolio_query=&#8221;size:all|order_by:date|post_type:portfolio|tax_query:64&#8243; css=&#8221;.vc_custom_1572289143578{margin-top: 45px !important;}&#8221;][\/vc_column][\/vc_row]<\/p>\n<\/section>","protected":false},"excerpt":{"rendered":"<p>[vc_row full_width=&#8221;stretch_row&#8221; content_placement=&#8221;middle&#8221; css=&#8221;.vc_custom_1571933084525{padding-top: 20px !important;padding-bottom: 20px !important;background-color: #333333 !important;}&#8221;][vc_column width=&#8221;1\/2&#8243;][vc_column_text] Luis Domingo Garc\u00eda (1924 &#8211; 2001) Luis Domingo Garc\u00eda (1924 &#8211; 2001) fue un artista impresionista valenciano, enamorado de la luz y del color y para quien la pintura fue la interpretaci\u00f3n de la realidad que le circundaba y la dif\u00edcil aprehensi\u00f3n de la&hellip;<\/p>\n","protected":false},"author":1,"featured_media":0,"parent":0,"menu_order":0,"comment_status":"closed","ping_status":"closed","template":"","meta":{"_acf_changed":false,"_monsterinsights_skip_tracking":false,"_monsterinsights_sitenote_active":false,"_monsterinsights_sitenote_note":"","_monsterinsights_sitenote_category":0,"footnotes":""},"class_list":["post-5733","page","type-page","status-publish","hentry"],"acf":[],"yoast_head":"<!-- This site is optimized with the Yoast SEO plugin v27.1.1 - https:\/\/yoast.com\/product\/yoast-seo-wordpress\/ -->\n<title>Luis Domingo Garc\u00eda &#8212; Emilio Cervantes<\/title>\n<meta name=\"robots\" content=\"index, follow, max-snippet:-1, max-image-preview:large, max-video-preview:-1\" \/>\n<link rel=\"canonical\" href=\"https:\/\/www.emiliocervantes.com\/en\/luis-domingo-garcia\/\" \/>\n<meta property=\"og:locale\" content=\"en_US\" \/>\n<meta property=\"og:type\" content=\"article\" \/>\n<meta property=\"og:title\" content=\"Luis Domingo Garc\u00eda &#8212; Emilio Cervantes\" \/>\n<meta property=\"og:description\" content=\"[vc_row full_width=&#8221;stretch_row&#8221; content_placement=&#8221;middle&#8221; css=&#8221;.vc_custom_1571933084525{padding-top: 20px !important;padding-bottom: 20px !important;background-color: #333333 !important;}&#8221;][vc_column width=&#8221;1\/2&#8243;][vc_column_text] Luis Domingo Garc\u00eda (1924 &#8211; 2001) Luis Domingo Garc\u00eda (1924 &#8211; 2001) fue un artista impresionista valenciano, enamorado de la luz y del color y para quien la pintura fue la interpretaci\u00f3n de la realidad que le circundaba y la dif\u00edcil aprehensi\u00f3n de la&hellip;\" \/>\n<meta property=\"og:url\" content=\"https:\/\/www.emiliocervantes.com\/en\/luis-domingo-garcia\/\" \/>\n<meta property=\"og:site_name\" content=\"Emilio Cervantes\" \/>\n<meta property=\"article:modified_time\" content=\"2020-02-29T15:12:28+00:00\" \/>\n<meta name=\"twitter:card\" content=\"summary_large_image\" \/>\n<meta name=\"twitter:label1\" content=\"Est. reading time\" \/>\n\t<meta name=\"twitter:data1\" content=\"1 minute\" \/>\n<script type=\"application\/ld+json\" class=\"yoast-schema-graph\">{\"@context\":\"https:\/\/schema.org\",\"@graph\":[{\"@type\":\"WebPage\",\"@id\":\"https:\/\/www.emiliocervantes.com\/en\/luis-domingo-garcia\/\",\"url\":\"https:\/\/www.emiliocervantes.com\/en\/luis-domingo-garcia\/\",\"name\":\"Luis Domingo Garc\u00eda &#8212; Emilio Cervantes\",\"isPartOf\":{\"@id\":\"https:\/\/www.emiliocervantes.com\/en\/#website\"},\"datePublished\":\"2019-10-28T17:42:05+00:00\",\"dateModified\":\"2020-02-29T15:12:28+00:00\",\"breadcrumb\":{\"@id\":\"https:\/\/www.emiliocervantes.com\/en\/luis-domingo-garcia\/#breadcrumb\"},\"inLanguage\":\"en-US\",\"potentialAction\":[{\"@type\":\"ReadAction\",\"target\":[\"https:\/\/www.emiliocervantes.com\/en\/luis-domingo-garcia\/\"]}]},{\"@type\":\"BreadcrumbList\",\"@id\":\"https:\/\/www.emiliocervantes.com\/en\/luis-domingo-garcia\/#breadcrumb\",\"itemListElement\":[{\"@type\":\"ListItem\",\"position\":1,\"name\":\"Home\",\"item\":\"https:\/\/www.emiliocervantes.com\/en\/\"},{\"@type\":\"ListItem\",\"position\":2,\"name\":\"Luis Domingo Garc\u00eda\"}]},{\"@type\":\"WebSite\",\"@id\":\"https:\/\/www.emiliocervantes.com\/en\/#website\",\"url\":\"https:\/\/www.emiliocervantes.com\/en\/\",\"name\":\"Emilio Cervantes\",\"description\":\"Spanish painting collection of 20th century\",\"publisher\":{\"@id\":\"https:\/\/www.emiliocervantes.com\/en\/#organization\"},\"potentialAction\":[{\"@type\":\"SearchAction\",\"target\":{\"@type\":\"EntryPoint\",\"urlTemplate\":\"https:\/\/www.emiliocervantes.com\/en\/?s={search_term_string}\"},\"query-input\":{\"@type\":\"PropertyValueSpecification\",\"valueRequired\":true,\"valueName\":\"search_term_string\"}}],\"inLanguage\":\"en-US\"},{\"@type\":\"Organization\",\"@id\":\"https:\/\/www.emiliocervantes.com\/en\/#organization\",\"name\":\"Emilio Cervantes\",\"url\":\"https:\/\/www.emiliocervantes.com\/en\/\",\"logo\":{\"@type\":\"ImageObject\",\"inLanguage\":\"en-US\",\"@id\":\"https:\/\/www.emiliocervantes.com\/en\/#\/schema\/logo\/image\/\",\"url\":\"https:\/\/www.emiliocervantes.com\/wp-content\/uploads\/2019\/10\/favicon-2.png\",\"contentUrl\":\"https:\/\/www.emiliocervantes.com\/wp-content\/uploads\/2019\/10\/favicon-2.png\",\"width\":512,\"height\":512,\"caption\":\"Emilio Cervantes\"},\"image\":{\"@id\":\"https:\/\/www.emiliocervantes.com\/en\/#\/schema\/logo\/image\/\"}}]}<\/script>\n<!-- \/ Yoast SEO plugin. -->","yoast_head_json":{"title":"Luis Domingo Garc\u00eda &#8212; Emilio Cervantes","robots":{"index":"index","follow":"follow","max-snippet":"max-snippet:-1","max-image-preview":"max-image-preview:large","max-video-preview":"max-video-preview:-1"},"canonical":"https:\/\/www.emiliocervantes.com\/en\/luis-domingo-garcia\/","og_locale":"en_US","og_type":"article","og_title":"Luis Domingo Garc\u00eda &#8212; Emilio Cervantes","og_description":"[vc_row full_width=&#8221;stretch_row&#8221; content_placement=&#8221;middle&#8221; css=&#8221;.vc_custom_1571933084525{padding-top: 20px !important;padding-bottom: 20px !important;background-color: #333333 !important;}&#8221;][vc_column width=&#8221;1\/2&#8243;][vc_column_text] Luis Domingo Garc\u00eda (1924 &#8211; 2001) Luis Domingo Garc\u00eda (1924 &#8211; 2001) fue un artista impresionista valenciano, enamorado de la luz y del color y para quien la pintura fue la interpretaci\u00f3n de la realidad que le circundaba y la dif\u00edcil aprehensi\u00f3n de la&hellip;","og_url":"https:\/\/www.emiliocervantes.com\/en\/luis-domingo-garcia\/","og_site_name":"Emilio Cervantes","article_modified_time":"2020-02-29T15:12:28+00:00","twitter_card":"summary_large_image","twitter_misc":{"Est. reading time":"1 minute"},"schema":{"@context":"https:\/\/schema.org","@graph":[{"@type":"WebPage","@id":"https:\/\/www.emiliocervantes.com\/en\/luis-domingo-garcia\/","url":"https:\/\/www.emiliocervantes.com\/en\/luis-domingo-garcia\/","name":"Luis Domingo Garc\u00eda &#8212; Emilio Cervantes","isPartOf":{"@id":"https:\/\/www.emiliocervantes.com\/en\/#website"},"datePublished":"2019-10-28T17:42:05+00:00","dateModified":"2020-02-29T15:12:28+00:00","breadcrumb":{"@id":"https:\/\/www.emiliocervantes.com\/en\/luis-domingo-garcia\/#breadcrumb"},"inLanguage":"en-US","potentialAction":[{"@type":"ReadAction","target":["https:\/\/www.emiliocervantes.com\/en\/luis-domingo-garcia\/"]}]},{"@type":"BreadcrumbList","@id":"https:\/\/www.emiliocervantes.com\/en\/luis-domingo-garcia\/#breadcrumb","itemListElement":[{"@type":"ListItem","position":1,"name":"Home","item":"https:\/\/www.emiliocervantes.com\/en\/"},{"@type":"ListItem","position":2,"name":"Luis Domingo Garc\u00eda"}]},{"@type":"WebSite","@id":"https:\/\/www.emiliocervantes.com\/en\/#website","url":"https:\/\/www.emiliocervantes.com\/en\/","name":"Emilio Cervantes","description":"Spanish painting collection of 20th century","publisher":{"@id":"https:\/\/www.emiliocervantes.com\/en\/#organization"},"potentialAction":[{"@type":"SearchAction","target":{"@type":"EntryPoint","urlTemplate":"https:\/\/www.emiliocervantes.com\/en\/?s={search_term_string}"},"query-input":{"@type":"PropertyValueSpecification","valueRequired":true,"valueName":"search_term_string"}}],"inLanguage":"en-US"},{"@type":"Organization","@id":"https:\/\/www.emiliocervantes.com\/en\/#organization","name":"Emilio Cervantes","url":"https:\/\/www.emiliocervantes.com\/en\/","logo":{"@type":"ImageObject","inLanguage":"en-US","@id":"https:\/\/www.emiliocervantes.com\/en\/#\/schema\/logo\/image\/","url":"https:\/\/www.emiliocervantes.com\/wp-content\/uploads\/2019\/10\/favicon-2.png","contentUrl":"https:\/\/www.emiliocervantes.com\/wp-content\/uploads\/2019\/10\/favicon-2.png","width":512,"height":512,"caption":"Emilio Cervantes"},"image":{"@id":"https:\/\/www.emiliocervantes.com\/en\/#\/schema\/logo\/image\/"}}]}},"_links":{"self":[{"href":"https:\/\/www.emiliocervantes.com\/en\/wp-json\/wp\/v2\/pages\/5733","targetHints":{"allow":["GET"]}}],"collection":[{"href":"https:\/\/www.emiliocervantes.com\/en\/wp-json\/wp\/v2\/pages"}],"about":[{"href":"https:\/\/www.emiliocervantes.com\/en\/wp-json\/wp\/v2\/types\/page"}],"author":[{"embeddable":true,"href":"https:\/\/www.emiliocervantes.com\/en\/wp-json\/wp\/v2\/users\/1"}],"replies":[{"embeddable":true,"href":"https:\/\/www.emiliocervantes.com\/en\/wp-json\/wp\/v2\/comments?post=5733"}],"version-history":[{"count":7,"href":"https:\/\/www.emiliocervantes.com\/en\/wp-json\/wp\/v2\/pages\/5733\/revisions"}],"predecessor-version":[{"id":7141,"href":"https:\/\/www.emiliocervantes.com\/en\/wp-json\/wp\/v2\/pages\/5733\/revisions\/7141"}],"wp:attachment":[{"href":"https:\/\/www.emiliocervantes.com\/en\/wp-json\/wp\/v2\/media?parent=5733"}],"curies":[{"name":"wp","href":"https:\/\/api.w.org\/{rel}","templated":true}]}}