{"id":5703,"date":"2015-03-12T14:52:34","date_gmt":"2015-03-12T13:52:34","guid":{"rendered":"http:\/\/www.emiliocervantes.com\/acerca\/"},"modified":"2020-02-09T17:45:39","modified_gmt":"2020-02-09T16:45:39","slug":"acerca","status":"publish","type":"page","link":"https:\/\/www.emiliocervantes.com\/en\/acerca\/","title":{"rendered":"About"},"content":{"rendered":"<section class=\"wpb-content-wrapper\"><p>[vc_row][vc_column width=&#8221;1\/4&#8243; reveal_effect=&#8221;fadeInLab&#8221; reveal_duration=&#8221;1.5&#8243; reveal_delay=&#8221;0.5&#8243;][vc_single_image image=&#8221;4981&#8243; img_size=&#8221;full&#8221; css_animation=&#8221;bottom-to-top&#8221; el_class=&#8221;lab-bordered-image&#8221;][\/vc_column][vc_column width=&#8221;3\/4&#8243; reveal_effect=&#8221;fadeIn&#8221; reveal_duration=&#8221;1.5&#8243; reveal_delay=&#8221;0.4&#8243;][lab_scroll_box scroll_height=&#8221;1200&#8243; css=&#8221;.vc_custom_1581266726151{padding-top: 30px !important;padding-right: 15px !important;padding-bottom: 45px !important;padding-left: 45px !important;background-color: #eeeeee !important;}&#8221;]<\/p>\n<h3>Emilio Cervantes<br \/>\n<small>Par\u00eds 1928 &#8211; Madrid 2015<\/small><\/h3>\n<p><span style=\"color: #555555;\">Economist and private collector of contemporary Spanish art from the 20th century. Son of Spanish antiquarians, he lived in an artistic environment which later influenced his collection.<\/span><\/p>\n<p><span style=\"color: #555555;\">He acquired his first few art pieces during his second professional stage, particularly during the 70s and 80s. More than 300 works of art from the final collection come from this period. Additionally, he shared his passion for art and promoted many artists. He introduced them to other collectors and took part on building up their recognition, both nationally and internationally.<\/span><\/p>\n<p><span style=\"color: #555555;\">In his collection is composed of contemporary Spanish artwork, from artists like Enrique Padial, Ferm\u00edn Santos, Juan Garc\u00e9s, Juan Montesinos, Marcos Bustamante, Luis Domingo Garc\u00eda, Roberto Domingo\u2026<\/span>[\/lab_scroll_box][\/vc_column][\/vc_row]<\/p>\n<\/section>","protected":false},"excerpt":{"rendered":"<p>[vc_row][vc_column width=&#8221;1\/4&#8243; reveal_effect=&#8221;fadeInLab&#8221; reveal_duration=&#8221;1.5&#8243; reveal_delay=&#8221;0.5&#8243;][vc_single_image image=&#8221;4981&#8243; img_size=&#8221;full&#8221; css_animation=&#8221;bottom-to-top&#8221; el_class=&#8221;lab-bordered-image&#8221;][\/vc_column][vc_column width=&#8221;3\/4&#8243; reveal_effect=&#8221;fadeIn&#8221; reveal_duration=&#8221;1.5&#8243; reveal_delay=&#8221;0.4&#8243;][lab_scroll_box scroll_height=&#8221;1200&#8243; css=&#8221;.vc_custom_1581266726151{padding-top: 30px !important;padding-right: 15px !important;padding-bottom: 45px !important;padding-left: 45px !important;background-color: #eeeeee !important;}&#8221;] Emilio Cervantes Par\u00eds 1928 &#8211; Madrid 2015 Economist and private collector of contemporary Spanish art from the 20th century. Son of Spanish antiquarians, he lived in an artistic environment which&hellip;<\/p>\n","protected":false},"author":1,"featured_media":0,"parent":0,"menu_order":0,"comment_status":"open","ping_status":"closed","template":"","meta":{"_acf_changed":false,"_monsterinsights_skip_tracking":false,"_monsterinsights_sitenote_active":false,"_monsterinsights_sitenote_note":"","_monsterinsights_sitenote_category":0,"footnotes":""},"class_list":["post-5703","page","type-page","status-publish","hentry"],"acf":[],"yoast_head":"<!-- This site is optimized with the Yoast SEO plugin v27.1.1 - https:\/\/yoast.com\/product\/yoast-seo-wordpress\/ -->\n<title>About &#8212; Emilio Cervantes<\/title>\n<meta name=\"robots\" content=\"index, follow, max-snippet:-1, max-image-preview:large, max-video-preview:-1\" \/>\n<link rel=\"canonical\" href=\"https:\/\/www.emiliocervantes.com\/en\/acerca\/\" \/>\n<meta property=\"og:locale\" content=\"en_US\" \/>\n<meta property=\"og:type\" content=\"article\" \/>\n<meta property=\"og:title\" content=\"About &#8212; Emilio Cervantes\" \/>\n<meta property=\"og:description\" content=\"[vc_row][vc_column width=&#8221;1\/4&#8243; reveal_effect=&#8221;fadeInLab&#8221; reveal_duration=&#8221;1.5&#8243; reveal_delay=&#8221;0.5&#8243;][vc_single_image image=&#8221;4981&#8243; img_size=&#8221;full&#8221; css_animation=&#8221;bottom-to-top&#8221; el_class=&#8221;lab-bordered-image&#8221;][\/vc_column][vc_column width=&#8221;3\/4&#8243; reveal_effect=&#8221;fadeIn&#8221; reveal_duration=&#8221;1.5&#8243; reveal_delay=&#8221;0.4&#8243;][lab_scroll_box scroll_height=&#8221;1200&#8243; css=&#8221;.vc_custom_1581266726151{padding-top: 30px !important;padding-right: 15px !important;padding-bottom: 45px !important;padding-left: 45px !important;background-color: #eeeeee !important;}&#8221;] Emilio Cervantes Par\u00eds 1928 &#8211; Madrid 2015 Economist and private collector of contemporary Spanish art from the 20th century. Son of Spanish antiquarians, he lived in an artistic environment which&hellip;\" \/>\n<meta property=\"og:url\" content=\"https:\/\/www.emiliocervantes.com\/en\/acerca\/\" \/>\n<meta property=\"og:site_name\" content=\"Emilio Cervantes\" \/>\n<meta property=\"article:modified_time\" content=\"2020-02-09T16:45:39+00:00\" \/>\n<meta name=\"twitter:card\" content=\"summary_large_image\" \/>\n<meta name=\"twitter:label1\" content=\"Est. reading time\" \/>\n\t<meta name=\"twitter:data1\" content=\"1 minute\" \/>\n<script type=\"application\/ld+json\" class=\"yoast-schema-graph\">{\"@context\":\"https:\/\/schema.org\",\"@graph\":[{\"@type\":\"WebPage\",\"@id\":\"https:\/\/www.emiliocervantes.com\/en\/acerca\/\",\"url\":\"https:\/\/www.emiliocervantes.com\/en\/acerca\/\",\"name\":\"About &#8212; Emilio Cervantes\",\"isPartOf\":{\"@id\":\"https:\/\/www.emiliocervantes.com\/en\/#website\"},\"datePublished\":\"2015-03-12T13:52:34+00:00\",\"dateModified\":\"2020-02-09T16:45:39+00:00\",\"breadcrumb\":{\"@id\":\"https:\/\/www.emiliocervantes.com\/en\/acerca\/#breadcrumb\"},\"inLanguage\":\"en-US\",\"potentialAction\":[{\"@type\":\"ReadAction\",\"target\":[\"https:\/\/www.emiliocervantes.com\/en\/acerca\/\"]}]},{\"@type\":\"BreadcrumbList\",\"@id\":\"https:\/\/www.emiliocervantes.com\/en\/acerca\/#breadcrumb\",\"itemListElement\":[{\"@type\":\"ListItem\",\"position\":1,\"name\":\"Home\",\"item\":\"https:\/\/www.emiliocervantes.com\/en\/\"},{\"@type\":\"ListItem\",\"position\":2,\"name\":\"About\"}]},{\"@type\":\"WebSite\",\"@id\":\"https:\/\/www.emiliocervantes.com\/en\/#website\",\"url\":\"https:\/\/www.emiliocervantes.com\/en\/\",\"name\":\"Emilio Cervantes\",\"description\":\"Spanish painting collection of 20th century\",\"publisher\":{\"@id\":\"https:\/\/www.emiliocervantes.com\/en\/#organization\"},\"potentialAction\":[{\"@type\":\"SearchAction\",\"target\":{\"@type\":\"EntryPoint\",\"urlTemplate\":\"https:\/\/www.emiliocervantes.com\/en\/?s={search_term_string}\"},\"query-input\":{\"@type\":\"PropertyValueSpecification\",\"valueRequired\":true,\"valueName\":\"search_term_string\"}}],\"inLanguage\":\"en-US\"},{\"@type\":\"Organization\",\"@id\":\"https:\/\/www.emiliocervantes.com\/en\/#organization\",\"name\":\"Emilio Cervantes\",\"url\":\"https:\/\/www.emiliocervantes.com\/en\/\",\"logo\":{\"@type\":\"ImageObject\",\"inLanguage\":\"en-US\",\"@id\":\"https:\/\/www.emiliocervantes.com\/en\/#\/schema\/logo\/image\/\",\"url\":\"https:\/\/www.emiliocervantes.com\/wp-content\/uploads\/2019\/10\/favicon-2.png\",\"contentUrl\":\"https:\/\/www.emiliocervantes.com\/wp-content\/uploads\/2019\/10\/favicon-2.png\",\"width\":512,\"height\":512,\"caption\":\"Emilio Cervantes\"},\"image\":{\"@id\":\"https:\/\/www.emiliocervantes.com\/en\/#\/schema\/logo\/image\/\"}}]}<\/script>\n<!-- \/ Yoast SEO plugin. -->","yoast_head_json":{"title":"About &#8212; Emilio Cervantes","robots":{"index":"index","follow":"follow","max-snippet":"max-snippet:-1","max-image-preview":"max-image-preview:large","max-video-preview":"max-video-preview:-1"},"canonical":"https:\/\/www.emiliocervantes.com\/en\/acerca\/","og_locale":"en_US","og_type":"article","og_title":"About &#8212; Emilio Cervantes","og_description":"[vc_row][vc_column width=&#8221;1\/4&#8243; reveal_effect=&#8221;fadeInLab&#8221; reveal_duration=&#8221;1.5&#8243; reveal_delay=&#8221;0.5&#8243;][vc_single_image image=&#8221;4981&#8243; img_size=&#8221;full&#8221; css_animation=&#8221;bottom-to-top&#8221; el_class=&#8221;lab-bordered-image&#8221;][\/vc_column][vc_column width=&#8221;3\/4&#8243; reveal_effect=&#8221;fadeIn&#8221; reveal_duration=&#8221;1.5&#8243; reveal_delay=&#8221;0.4&#8243;][lab_scroll_box scroll_height=&#8221;1200&#8243; css=&#8221;.vc_custom_1581266726151{padding-top: 30px !important;padding-right: 15px !important;padding-bottom: 45px !important;padding-left: 45px !important;background-color: #eeeeee !important;}&#8221;] Emilio Cervantes Par\u00eds 1928 &#8211; Madrid 2015 Economist and private collector of contemporary Spanish art from the 20th century. Son of Spanish antiquarians, he lived in an artistic environment which&hellip;","og_url":"https:\/\/www.emiliocervantes.com\/en\/acerca\/","og_site_name":"Emilio Cervantes","article_modified_time":"2020-02-09T16:45:39+00:00","twitter_card":"summary_large_image","twitter_misc":{"Est. reading time":"1 minute"},"schema":{"@context":"https:\/\/schema.org","@graph":[{"@type":"WebPage","@id":"https:\/\/www.emiliocervantes.com\/en\/acerca\/","url":"https:\/\/www.emiliocervantes.com\/en\/acerca\/","name":"About &#8212; Emilio Cervantes","isPartOf":{"@id":"https:\/\/www.emiliocervantes.com\/en\/#website"},"datePublished":"2015-03-12T13:52:34+00:00","dateModified":"2020-02-09T16:45:39+00:00","breadcrumb":{"@id":"https:\/\/www.emiliocervantes.com\/en\/acerca\/#breadcrumb"},"inLanguage":"en-US","potentialAction":[{"@type":"ReadAction","target":["https:\/\/www.emiliocervantes.com\/en\/acerca\/"]}]},{"@type":"BreadcrumbList","@id":"https:\/\/www.emiliocervantes.com\/en\/acerca\/#breadcrumb","itemListElement":[{"@type":"ListItem","position":1,"name":"Home","item":"https:\/\/www.emiliocervantes.com\/en\/"},{"@type":"ListItem","position":2,"name":"About"}]},{"@type":"WebSite","@id":"https:\/\/www.emiliocervantes.com\/en\/#website","url":"https:\/\/www.emiliocervantes.com\/en\/","name":"Emilio Cervantes","description":"Spanish painting collection of 20th century","publisher":{"@id":"https:\/\/www.emiliocervantes.com\/en\/#organization"},"potentialAction":[{"@type":"SearchAction","target":{"@type":"EntryPoint","urlTemplate":"https:\/\/www.emiliocervantes.com\/en\/?s={search_term_string}"},"query-input":{"@type":"PropertyValueSpecification","valueRequired":true,"valueName":"search_term_string"}}],"inLanguage":"en-US"},{"@type":"Organization","@id":"https:\/\/www.emiliocervantes.com\/en\/#organization","name":"Emilio Cervantes","url":"https:\/\/www.emiliocervantes.com\/en\/","logo":{"@type":"ImageObject","inLanguage":"en-US","@id":"https:\/\/www.emiliocervantes.com\/en\/#\/schema\/logo\/image\/","url":"https:\/\/www.emiliocervantes.com\/wp-content\/uploads\/2019\/10\/favicon-2.png","contentUrl":"https:\/\/www.emiliocervantes.com\/wp-content\/uploads\/2019\/10\/favicon-2.png","width":512,"height":512,"caption":"Emilio Cervantes"},"image":{"@id":"https:\/\/www.emiliocervantes.com\/en\/#\/schema\/logo\/image\/"}}]}},"_links":{"self":[{"href":"https:\/\/www.emiliocervantes.com\/en\/wp-json\/wp\/v2\/pages\/5703","targetHints":{"allow":["GET"]}}],"collection":[{"href":"https:\/\/www.emiliocervantes.com\/en\/wp-json\/wp\/v2\/pages"}],"about":[{"href":"https:\/\/www.emiliocervantes.com\/en\/wp-json\/wp\/v2\/types\/page"}],"author":[{"embeddable":true,"href":"https:\/\/www.emiliocervantes.com\/en\/wp-json\/wp\/v2\/users\/1"}],"replies":[{"embeddable":true,"href":"https:\/\/www.emiliocervantes.com\/en\/wp-json\/wp\/v2\/comments?post=5703"}],"version-history":[{"count":1,"href":"https:\/\/www.emiliocervantes.com\/en\/wp-json\/wp\/v2\/pages\/5703\/revisions"}],"predecessor-version":[{"id":5704,"href":"https:\/\/www.emiliocervantes.com\/en\/wp-json\/wp\/v2\/pages\/5703\/revisions\/5704"}],"wp:attachment":[{"href":"https:\/\/www.emiliocervantes.com\/en\/wp-json\/wp\/v2\/media?parent=5703"}],"curies":[{"name":"wp","href":"https:\/\/api.w.org\/{rel}","templated":true}]}}